{"id":216,"date":"2025-06-20T11:39:19","date_gmt":"2025-06-20T11:39:19","guid":{"rendered":"https:\/\/aigindustriesllc.com\/es\/?page_id=216"},"modified":"2025-09-02T06:41:13","modified_gmt":"2025-09-02T04:41:13","slug":"nuestros-servicios","status":"publish","type":"page","link":"https:\/\/aigindustriesllc.com\/es\/nuestros-servicios\/","title":{"rendered":"Nuestros Servicios"},"content":{"rendered":"\t\t<div data-elementor-type=\"wp-page\" data-elementor-id=\"216\" class=\"elementor elementor-216\" data-elementor-post-type=\"page\">\n\t\t\t\t<div class=\"elementor-element elementor-element-966018e e-flex e-con-boxed e-con e-parent\" data-id=\"966018e\" data-element_type=\"container\" data-settings=\"{&quot;background_background&quot;:&quot;classic&quot;}\">\n\t\t\t\t\t<div class=\"e-con-inner\">\n\t\t\t\t<div class=\"elementor-element elementor-element-b600e9b elementor-widget__width-inherit elementor-widget elementor-widget-heading\" data-id=\"b600e9b\" data-element_type=\"widget\" data-widget_type=\"heading.default\">\n\t\t\t\t<div class=\"elementor-widget-container\">\n\t\t\t\t\t<h1 class=\"elementor-heading-title elementor-size-default\">Nuestros Servicios<\/h1>\t\t\t\t<\/div>\n\t\t\t\t<\/div>\n\t\t\t\t\t<\/div>\n\t\t\t\t<\/div>\n\t\t<div class=\"elementor-element elementor-element-eb941a6 our-services1 e-flex e-con-boxed e-con e-parent\" data-id=\"eb941a6\" data-element_type=\"container\" data-settings=\"{&quot;background_background&quot;:&quot;classic&quot;}\">\n\t\t\t\t\t<div class=\"e-con-inner\">\n\t\t<div class=\"elementor-element elementor-element-2decdc2 e-con-full e-flex elementor-invisible e-con e-child\" data-id=\"2decdc2\" data-element_type=\"container\" data-settings=\"{&quot;animation&quot;:&quot;fadeInUp&quot;,&quot;animation_delay&quot;:400}\">\n\t\t<div class=\"elementor-element elementor-element-389d936 e-con-full e-flex e-con e-child\" data-id=\"389d936\" data-element_type=\"container\">\n\t\t\t\t<div class=\"elementor-element elementor-element-5765b44 elementor-cta--valign-top elementor-cta--layout-image-above elementor-cta--skin-classic elementor-animated-content elementor-bg-transform elementor-bg-transform-zoom-in elementor-widget elementor-widget-call-to-action\" data-id=\"5765b44\" data-element_type=\"widget\" data-widget_type=\"call-to-action.default\">\n\t\t\t\t<div class=\"elementor-widget-container\">\n\t\t\t\t\t\t\t<div class=\"elementor-cta\">\n\t\t\t\t\t<div class=\"elementor-cta__bg-wrapper\">\n\t\t\t\t<div class=\"elementor-cta__bg elementor-bg\" style=\"background-image: url(https:\/\/aigindustriesllc.com\/es\/wp-content\/uploads\/sites\/5\/2025\/07\/Finished-Roofs-img1.jpg);\" role=\"img\" aria-label=\"Nombre del Proyecto\"><\/div>\n\t\t\t\t<div class=\"elementor-cta__bg-overlay\"><\/div>\n\t\t\t<\/div>\n\t\t\t\t\t\t\t<div class=\"elementor-cta__content\">\n\t\t\t\t\n\t\t\t\t\t\t\t\t\t<h2 class=\"elementor-cta__title elementor-cta__content-item elementor-content-item\">\n\t\t\t\t\t\tTechos Residenciales\t\t\t\t\t<\/h2>\n\t\t\t\t\n\t\t\t\t\t\t\t\t\t<div class=\"elementor-cta__description elementor-cta__content-item elementor-content-item\">\n\t\t\t\t\t\tProteja su hogar con soluciones de techo basadas en la artesan\u00eda y el cuidado. Ya sea que necesite un techo nuevo o mantenimiento continuo, nuestro equipo utiliza materiales de primera calidad y t\u00e9cnicas especializadas para ofrecer resultados duraderos. Tambi\u00e9n ofrecemos instalaci\u00f3n de canaletas para ayudar a preservar su techo y los cimientos de su vivienda durante muchos a\u00f1os.\n\t\t\t\t\t<\/div>\n\t\t\t\t\n\t\t\t\t\t\t\t<\/div>\n\t\t\t\t\t\t<\/div>\n\t\t\t\t\t\t<\/div>\n\t\t\t\t<\/div>\n\t\t\t\t<\/div>\n\t\t<div class=\"elementor-element elementor-element-f54e7d8 e-con-full e-flex e-con e-child\" data-id=\"f54e7d8\" data-element_type=\"container\">\n\t\t\t\t<div class=\"elementor-element elementor-element-4d6bba3 elementor-cta--valign-top elementor-cta--layout-image-above elementor-cta--skin-classic elementor-animated-content elementor-bg-transform elementor-bg-transform-zoom-in elementor-widget elementor-widget-call-to-action\" data-id=\"4d6bba3\" data-element_type=\"widget\" data-widget_type=\"call-to-action.default\">\n\t\t\t\t<div class=\"elementor-widget-container\">\n\t\t\t\t\t\t\t<div class=\"elementor-cta\">\n\t\t\t\t\t<div class=\"elementor-cta__bg-wrapper\">\n\t\t\t\t<div class=\"elementor-cta__bg elementor-bg\" style=\"background-image: url(https:\/\/aigindustriesllc.com\/es\/wp-content\/uploads\/sites\/5\/2025\/07\/commercial-img04.jpg);\" role=\"img\" aria-label=\"commercial-img04\"><\/div>\n\t\t\t\t<div class=\"elementor-cta__bg-overlay\"><\/div>\n\t\t\t<\/div>\n\t\t\t\t\t\t\t<div class=\"elementor-cta__content\">\n\t\t\t\t\n\t\t\t\t\t\t\t\t\t<h2 class=\"elementor-cta__title elementor-cta__content-item elementor-content-item\">\n\t\t\t\t\t\tTechos Comerciales\t\t\t\t\t<\/h2>\n\t\t\t\t\n\t\t\t\t\t\t\t\t\t<div class=\"elementor-cta__description elementor-cta__content-item elementor-content-item\">\n\t\t\t\t\t\tNuestros servicios de techos comerciales est\u00e1n dise\u00f1ados para ofrecer rendimiento, precisi\u00f3n y m\u00ednima interrupci\u00f3n. Desde edificios de oficinas hasta propiedades multifamiliares, proporcionamos sistemas duraderos respaldados por materiales de alta calidad y alianzas con fabricantes dise\u00f1ados para soportar las exigencias de los entornos comerciales.\t\t\t\t\t<\/div>\n\t\t\t\t\n\t\t\t\t\t\t\t<\/div>\n\t\t\t\t\t\t<\/div>\n\t\t\t\t\t\t<\/div>\n\t\t\t\t<\/div>\n\t\t\t\t<\/div>\n\t\t\t\t<\/div>\n\t\t<div class=\"elementor-element elementor-element-40e8dab e-con-full e-flex elementor-invisible e-con e-child\" data-id=\"40e8dab\" data-element_type=\"container\" data-settings=\"{&quot;animation&quot;:&quot;fadeInUp&quot;,&quot;animation_delay&quot;:600}\">\n\t\t<div class=\"elementor-element elementor-element-d640e75 e-con-full e-flex e-con e-child\" data-id=\"d640e75\" data-element_type=\"container\">\n\t\t\t\t<div class=\"elementor-element elementor-element-57c70b8 elementor-cta--valign-top elementor-cta--layout-image-above elementor-cta--skin-classic elementor-animated-content elementor-bg-transform elementor-bg-transform-zoom-in elementor-widget elementor-widget-call-to-action\" data-id=\"57c70b8\" data-element_type=\"widget\" data-widget_type=\"call-to-action.default\">\n\t\t\t\t<div class=\"elementor-widget-container\">\n\t\t\t\t\t\t\t<div class=\"elementor-cta\">\n\t\t\t\t\t<div class=\"elementor-cta__bg-wrapper\">\n\t\t\t\t<div class=\"elementor-cta__bg elementor-bg\" style=\"background-image: url(https:\/\/aigindustriesllc.com\/es\/wp-content\/uploads\/sites\/5\/2025\/07\/tool-img5.jpg);\" role=\"img\" aria-label=\"Nombre del Proyecto\"><\/div>\n\t\t\t\t<div class=\"elementor-cta__bg-overlay\"><\/div>\n\t\t\t<\/div>\n\t\t\t\t\t\t\t<div class=\"elementor-cta__content\">\n\t\t\t\t\n\t\t\t\t\t\t\t\t\t<h2 class=\"elementor-cta__title elementor-cta__content-item elementor-content-item\">\n\t\t\t\t\t\tReparaciones y Restauraci\u00f3n de Techos\t\t\t\t\t<\/h2>\n\t\t\t\t\n\t\t\t\t\t\t\t\t\t<div class=\"elementor-cta__description elementor-cta__content-item elementor-content-item\">\n\t\t\t\t\t\tYa sea que enfrente un goteo de agua, desgaste o problemas est\u00e9ticos, nuestro equipo est\u00e1 aqu\u00ed para restaurar su techo con integridad y cuidado. Ofrecemos evaluaciones honestas y soluciones personalizadas que prolongan la vida \u00fatil de su techo. Combinamos eficiencia con calidad en la que puede confiar.\t\t\t\t\t<\/div>\n\t\t\t\t\n\t\t\t\t\t\t\t<\/div>\n\t\t\t\t\t\t<\/div>\n\t\t\t\t\t\t<\/div>\n\t\t\t\t<\/div>\n\t\t\t\t<\/div>\n\t\t<div class=\"elementor-element elementor-element-43c8838 e-con-full e-flex e-con e-child\" data-id=\"43c8838\" data-element_type=\"container\">\n\t\t\t\t<div class=\"elementor-element elementor-element-49a6c4b elementor-cta--valign-top elementor-cta--layout-image-above elementor-cta--skin-classic elementor-animated-content elementor-bg-transform elementor-bg-transform-zoom-in elementor-widget elementor-widget-call-to-action\" data-id=\"49a6c4b\" data-element_type=\"widget\" data-widget_type=\"call-to-action.default\">\n\t\t\t\t<div class=\"elementor-widget-container\">\n\t\t\t\t\t\t\t<div class=\"elementor-cta\">\n\t\t\t\t\t<div class=\"elementor-cta__bg-wrapper\">\n\t\t\t\t<div class=\"elementor-cta__bg elementor-bg\" style=\"background-image: url(https:\/\/aigindustriesllc.com\/es\/wp-content\/uploads\/sites\/5\/2025\/07\/Storm-Damage-Repair1.jpg);\" role=\"img\" aria-label=\"Storm-Damage-Repair1\"><\/div>\n\t\t\t\t<div class=\"elementor-cta__bg-overlay\"><\/div>\n\t\t\t<\/div>\n\t\t\t\t\t\t\t<div class=\"elementor-cta__content\">\n\t\t\t\t\n\t\t\t\t\t\t\t\t\t<h2 class=\"elementor-cta__title elementor-cta__content-item elementor-content-item\">\n\t\t\t\t\t\tReparaci\u00f3n por Da\u00f1os de Tormenta\t\t\t\t\t<\/h2>\n\t\t\t\t\n\t\t\t\t\t\t\t\t\t<div class=\"elementor-cta__description elementor-cta__content-item elementor-content-item\">\n\t\t\t\t\t\tCuando el clima severo golpea, respondemos con urgencia y experiencia. Nuestros servicios de reparaci\u00f3n por da\u00f1os de tormenta cubren desde evaluaciones de emergencia hasta restauraciones completas. Trabajamos en colaboraci\u00f3n con propietarios, empresas y compa\u00f1\u00edas de seguros para que el proceso de recuperaci\u00f3n sea lo m\u00e1s sencillo posible.\t\t\t\t\t<\/div>\n\t\t\t\t\n\t\t\t\t\t\t\t<\/div>\n\t\t\t\t\t\t<\/div>\n\t\t\t\t\t\t<\/div>\n\t\t\t\t<\/div>\n\t\t\t\t<\/div>\n\t\t\t\t<\/div>\n\t\t<div class=\"elementor-element elementor-element-9274396 e-con-full e-flex elementor-invisible e-con e-child\" data-id=\"9274396\" data-element_type=\"container\" data-settings=\"{&quot;animation&quot;:&quot;fadeInUp&quot;,&quot;animation_delay&quot;:600}\">\n\t\t<div class=\"elementor-element elementor-element-a714e97 e-con-full e-flex e-con e-child\" data-id=\"a714e97\" data-element_type=\"container\">\n\t\t\t\t<div class=\"elementor-element elementor-element-e02d9da elementor-cta--valign-top elementor-cta--layout-image-above elementor-cta--skin-classic elementor-animated-content elementor-bg-transform elementor-bg-transform-zoom-in elementor-widget elementor-widget-call-to-action\" data-id=\"e02d9da\" data-element_type=\"widget\" data-widget_type=\"call-to-action.default\">\n\t\t\t\t<div class=\"elementor-widget-container\">\n\t\t\t\t\t\t\t<div class=\"elementor-cta\">\n\t\t\t\t\t<div class=\"elementor-cta__bg-wrapper\">\n\t\t\t\t<div class=\"elementor-cta__bg elementor-bg\" style=\"background-image: url(https:\/\/aigindustriesllc.com\/es\/wp-content\/uploads\/sites\/5\/2025\/09\/drone-img1.jpg);\" role=\"img\" aria-label=\"drone-img1\"><\/div>\n\t\t\t\t<div class=\"elementor-cta__bg-overlay\"><\/div>\n\t\t\t<\/div>\n\t\t\t\t\t\t\t<div class=\"elementor-cta__content\">\n\t\t\t\t\n\t\t\t\t\t\t\t\t\t<h2 class=\"elementor-cta__title elementor-cta__content-item elementor-content-item\">\n\t\t\t\t\t\tInspecciones con Drones\t\t\t\t\t<\/h2>\n\t\t\t\t\n\t\t\t\t\t\t\t\t\t<div class=\"elementor-cta__description elementor-cta__content-item elementor-content-item\">\n\t\t\t\t\t\tNuestros pilotos de drones cuentan con la certificaci\u00f3n FAA Part 107, lo que nos permite realizar inspecciones a\u00e9reas seguras y profesionales en techos y m\u00e1s. Gracias a la captura de im\u00e1genes de alta resoluci\u00f3n y video, podemos evaluar el estado de los techos, detectar posibles problemas y obtener visuales detallados para una variedad de inspecciones de propiedades. Esta tecnolog\u00eda nos permite ofrecer resultados m\u00e1s r\u00e1pidos, mayor precisi\u00f3n y tranquilidad, ya sea en proyectos residenciales, comerciales o especializados.\t\t\t\t\t<\/div>\n\t\t\t\t\n\t\t\t\t\t\t\t<\/div>\n\t\t\t\t\t\t<\/div>\n\t\t\t\t\t\t<\/div>\n\t\t\t\t<\/div>\n\t\t\t\t<\/div>\n\t\t<div class=\"elementor-element elementor-element-71b3926 e-con-full e-flex e-con e-child\" data-id=\"71b3926\" data-element_type=\"container\">\n\t\t\t\t<div class=\"elementor-element elementor-element-bcd4225 elementor-cta--valign-top elementor-cta--layout-image-above elementor-cta--skin-classic elementor-animated-content elementor-bg-transform elementor-bg-transform-zoom-in elementor-widget elementor-widget-call-to-action\" data-id=\"bcd4225\" data-element_type=\"widget\" data-widget_type=\"call-to-action.default\">\n\t\t\t\t<div class=\"elementor-widget-container\">\n\t\t\t\t\t\t\t<div class=\"elementor-cta\">\n\t\t\t\t\t<div class=\"elementor-cta__bg-wrapper\">\n\t\t\t\t<div class=\"elementor-cta__bg elementor-bg\" style=\"background-image: url(https:\/\/aigindustriesllc.com\/es\/wp-content\/uploads\/sites\/5\/2025\/09\/Lidar-img1.jpg);\" role=\"img\" aria-label=\"Lidar-img1\"><\/div>\n\t\t\t\t<div class=\"elementor-cta__bg-overlay\"><\/div>\n\t\t\t<\/div>\n\t\t\t\t\t\t\t<div class=\"elementor-cta__content\">\n\t\t\t\t\n\t\t\t\t\t\t\t\t\t<h2 class=\"elementor-cta__title elementor-cta__content-item elementor-content-item\">\n\t\t\t\t\t\tDocumentaci\u00f3n 3D del Sitio con Tecnolog\u00eda LiDAR\t\t\t\t\t<\/h2>\n\t\t\t\t\n\t\t\t\t\t\t\t\t\t<div class=\"elementor-cta__description elementor-cta__content-item elementor-content-item\">\n\t\t\t\t\t\tUtilizamos una c\u00e1mara Matterport Pro 3 con tecnolog\u00eda LiDAR para crear modelos 3D precisos de su propiedad. Este sistema avanzado captura medidas exactas, im\u00e1genes detalladas y una documentaci\u00f3n completa de su estructura residencial o comercial. Es una herramienta invaluable para la planificaci\u00f3n de proyectos, el seguimiento del progreso, las reclamaciones de seguros y la presentaci\u00f3n de trabajos terminados, ofreciendo una precisi\u00f3n, transparencia y profesionalismo incomparables en cada proyecto.\t\t\t\t\t<\/div>\n\t\t\t\t\n\t\t\t\t\t\t\t<\/div>\n\t\t\t\t\t\t<\/div>\n\t\t\t\t\t\t<\/div>\n\t\t\t\t<\/div>\n\t\t\t\t<\/div>\n\t\t\t\t<\/div>\n\t\t\t\t\t<\/div>\n\t\t\t\t<\/div>\n\t\t<div class=\"elementor-element elementor-element-fe74527 e-con-full e-flex e-con e-parent\" data-id=\"fe74527\" data-element_type=\"container\">\n\t\t<div class=\"elementor-element elementor-element-1040825 e-con-full e-flex e-con e-child\" data-id=\"1040825\" data-element_type=\"container\" data-settings=\"{&quot;background_background&quot;:&quot;classic&quot;}\">\n\t\t<div class=\"elementor-element elementor-element-48ea6f4 e-con-full e-flex e-con e-child\" data-id=\"48ea6f4\" data-element_type=\"container\" data-settings=\"{&quot;background_background&quot;:&quot;video&quot;,&quot;background_video_link&quot;:&quot;https:\\\/\\\/aigindustriesllc.com\\\/es\\\/wp-content\\\/uploads\\\/2025\\\/08\\\/Residential-video-4.mp4&quot;,&quot;background_play_on_mobile&quot;:&quot;yes&quot;,&quot;background_privacy_mode&quot;:&quot;yes&quot;}\">\n\t\t<div class=\"elementor-background-video-container\" aria-hidden=\"true\">\n\t\t\t\t\t\t\t<video class=\"elementor-background-video-hosted\" autoplay muted playsinline loop><\/video>\n\t\t\t\t\t<\/div>\t\t<\/div>\n\t\t<div class=\"elementor-element elementor-element-c427b13 e-con-full e-flex e-con e-child\" data-id=\"c427b13\" data-element_type=\"container\" data-settings=\"{&quot;background_background&quot;:&quot;video&quot;,&quot;background_video_link&quot;:&quot;https:\\\/\\\/aigindustriesllc.com\\\/es\\\/wp-content\\\/uploads\\\/2025\\\/08\\\/Commercial-video-3.mp4&quot;,&quot;background_play_on_mobile&quot;:&quot;yes&quot;,&quot;background_privacy_mode&quot;:&quot;yes&quot;}\">\n\t\t<div class=\"elementor-background-video-container\" aria-hidden=\"true\">\n\t\t\t\t\t\t\t<video class=\"elementor-background-video-hosted\" autoplay muted playsinline loop><\/video>\n\t\t\t\t\t<\/div>\t\t<\/div>\n\t\t<div class=\"elementor-element elementor-element-ea089ec e-con-full e-flex e-con e-child\" data-id=\"ea089ec\" data-element_type=\"container\" data-settings=\"{&quot;background_background&quot;:&quot;video&quot;,&quot;background_video_link&quot;:&quot;https:\\\/\\\/aigindustriesllc.com\\\/es\\\/wp-content\\\/uploads\\\/2025\\\/08\\\/Residential-video-7.mp4&quot;,&quot;background_play_on_mobile&quot;:&quot;yes&quot;,&quot;background_privacy_mode&quot;:&quot;yes&quot;}\">\n\t\t<div class=\"elementor-background-video-container\" aria-hidden=\"true\">\n\t\t\t\t\t\t\t<video class=\"elementor-background-video-hosted\" autoplay muted playsinline loop><\/video>\n\t\t\t\t\t<\/div>\t\t<\/div>\n\t\t<div class=\"elementor-element elementor-element-dc0d2be e-con-full e-flex e-con e-child\" data-id=\"dc0d2be\" data-element_type=\"container\" data-settings=\"{&quot;background_background&quot;:&quot;video&quot;,&quot;background_video_link&quot;:&quot;https:\\\/\\\/aigindustriesllc.com\\\/es\\\/wp-content\\\/uploads\\\/2025\\\/08\\\/Residential-video-6.mp4&quot;,&quot;background_play_on_mobile&quot;:&quot;yes&quot;,&quot;background_privacy_mode&quot;:&quot;yes&quot;}\">\n\t\t<div class=\"elementor-background-video-container\" aria-hidden=\"true\">\n\t\t\t\t\t\t\t<video class=\"elementor-background-video-hosted\" autoplay muted playsinline loop><\/video>\n\t\t\t\t\t<\/div>\t\t<\/div>\n\t\t<div class=\"elementor-element elementor-element-ec9019b e-con-full e-flex e-con e-child\" data-id=\"ec9019b\" data-element_type=\"container\" data-settings=\"{&quot;background_background&quot;:&quot;video&quot;,&quot;background_video_link&quot;:&quot;https:\\\/\\\/aigindustriesllc.com\\\/es\\\/wp-content\\\/uploads\\\/2025\\\/08\\\/Commercial-video-1.mp4&quot;,&quot;background_play_on_mobile&quot;:&quot;yes&quot;,&quot;background_privacy_mode&quot;:&quot;yes&quot;}\">\n\t\t<div class=\"elementor-background-video-container\" aria-hidden=\"true\">\n\t\t\t\t\t\t\t<video class=\"elementor-background-video-hosted\" autoplay muted playsinline loop><\/video>\n\t\t\t\t\t<\/div>\t\t<\/div>\n\t\t<div class=\"elementor-element elementor-element-6816c4b e-con-full e-flex e-con e-child\" data-id=\"6816c4b\" data-element_type=\"container\" data-settings=\"{&quot;background_background&quot;:&quot;video&quot;,&quot;background_video_link&quot;:&quot;https:\\\/\\\/aigindustriesllc.com\\\/es\\\/wp-content\\\/uploads\\\/2025\\\/08\\\/Residential-video-1.mp4&quot;,&quot;background_play_on_mobile&quot;:&quot;yes&quot;,&quot;background_privacy_mode&quot;:&quot;yes&quot;}\">\n\t\t<div class=\"elementor-background-video-container\" aria-hidden=\"true\">\n\t\t\t\t\t\t\t<video class=\"elementor-background-video-hosted\" autoplay muted playsinline loop><\/video>\n\t\t\t\t\t<\/div>\t\t<\/div>\n\t\t\t\t<\/div>\n\t\t\t\t<\/div>\n\t\t\t\t<\/div>\n\t\t","protected":false},"excerpt":{"rendered":"<p>Nuestros Servicios Techos Residenciales Proteja su hogar con soluciones de techo basadas en la artesan\u00eda y el cuidado. Ya sea [&hellip;]<\/p>\n","protected":false},"author":1,"featured_media":0,"parent":0,"menu_order":0,"comment_status":"closed","ping_status":"closed","template":"elementor_header_footer","meta":{"_acf_changed":false,"site-sidebar-layout":"default","site-content-layout":"","ast-site-content-layout":"full-width-container","site-content-style":"default","site-sidebar-style":"default","ast-global-header-display":"","ast-banner-title-visibility":"","ast-main-header-display":"","ast-hfb-above-header-display":"","ast-hfb-below-header-display":"","ast-hfb-mobile-header-display":"","site-post-title":"disabled","ast-breadcrumbs-content":"","ast-featured-img":"disabled","footer-sml-layout":"","theme-transparent-header-meta":"default","adv-header-id-meta":"","stick-header-meta":"","header-above-stick-meta":"","header-main-stick-meta":"","header-below-stick-meta":"","astra-migrate-meta-layouts":"set","ast-page-background-enabled":"default","ast-page-background-meta":{"desktop":{"background-color":"var(--ast-global-color-5)","background-image":"","background-repeat":"repeat","background-position":"center center","background-size":"auto","background-attachment":"scroll","background-type":"","background-media":"","overlay-type":"","overlay-color":"","overlay-opacity":"","overlay-gradient":""},"tablet":{"background-color":"","background-image":"","background-repeat":"repeat","background-position":"center center","background-size":"auto","background-attachment":"scroll","background-type":"","background-media":"","overlay-type":"","overlay-color":"","overlay-opacity":"","overlay-gradient":""},"mobile":{"background-color":"","background-image":"","background-repeat":"repeat","background-position":"center center","background-size":"auto","background-attachment":"scroll","background-type":"","background-media":"","overlay-type":"","overlay-color":"","overlay-opacity":"","overlay-gradient":""}},"ast-content-background-meta":{"desktop":{"background-color":"var(--ast-global-color-4)","background-image":"","background-repeat":"repeat","background-position":"center center","background-size":"auto","background-attachment":"scroll","background-type":"","background-media":"","overlay-type":"","overlay-color":"","overlay-opacity":"","overlay-gradient":""},"tablet":{"background-color":"var(--ast-global-color-4)","background-image":"","background-repeat":"repeat","background-position":"center center","background-size":"auto","background-attachment":"scroll","background-type":"","background-media":"","overlay-type":"","overlay-color":"","overlay-opacity":"","overlay-gradient":""},"mobile":{"background-color":"var(--ast-global-color-4)","background-image":"","background-repeat":"repeat","background-position":"center center","background-size":"auto","background-attachment":"scroll","background-type":"","background-media":"","overlay-type":"","overlay-color":"","overlay-opacity":"","overlay-gradient":""}},"footnotes":""},"class_list":["post-216","page","type-page","status-publish","hentry"],"acf":[],"yoast_head":"<!-- This site is optimized with the Yoast SEO plugin v26.7 - https:\/\/yoast.com\/wordpress\/plugins\/seo\/ -->\n<title>Nuestros Servicios - AIG Industries - ES<\/title>\n<meta name=\"robots\" content=\"index, follow, max-snippet:-1, max-image-preview:large, max-video-preview:-1\" \/>\n<link rel=\"canonical\" href=\"https:\/\/aigindustriesllc.com\/es\/nuestros-servicios\/\" \/>\n<meta property=\"og:locale\" content=\"es_ES\" \/>\n<meta property=\"og:type\" content=\"article\" \/>\n<meta property=\"og:title\" content=\"Nuestros Servicios - AIG Industries - ES\" \/>\n<meta property=\"og:description\" content=\"Nuestros Servicios Techos Residenciales Proteja su hogar con soluciones de techo basadas en la artesan\u00eda y el cuidado. Ya sea [&hellip;]\" \/>\n<meta property=\"og:url\" content=\"https:\/\/aigindustriesllc.com\/es\/nuestros-servicios\/\" \/>\n<meta property=\"og:site_name\" content=\"AIG Industries - ES\" \/>\n<meta property=\"article:modified_time\" content=\"2025-09-02T04:41:13+00:00\" \/>\n<meta name=\"twitter:card\" content=\"summary_large_image\" \/>\n<meta name=\"twitter:label1\" content=\"Tiempo de lectura\" \/>\n\t<meta name=\"twitter:data1\" content=\"2 minutos\" \/>\n<script type=\"application\/ld+json\" class=\"yoast-schema-graph\">{\"@context\":\"https:\/\/schema.org\",\"@graph\":[{\"@type\":\"WebPage\",\"@id\":\"https:\/\/aigindustriesllc.com\/es\/nuestros-servicios\/\",\"url\":\"https:\/\/aigindustriesllc.com\/es\/nuestros-servicios\/\",\"name\":\"Nuestros Servicios - AIG Industries - ES\",\"isPartOf\":{\"@id\":\"https:\/\/aigindustriesllc.com\/es\/#website\"},\"datePublished\":\"2025-06-20T11:39:19+00:00\",\"dateModified\":\"2025-09-02T04:41:13+00:00\",\"breadcrumb\":{\"@id\":\"https:\/\/aigindustriesllc.com\/es\/nuestros-servicios\/#breadcrumb\"},\"inLanguage\":\"es\",\"potentialAction\":[{\"@type\":\"ReadAction\",\"target\":[\"https:\/\/aigindustriesllc.com\/es\/nuestros-servicios\/\"]}]},{\"@type\":\"BreadcrumbList\",\"@id\":\"https:\/\/aigindustriesllc.com\/es\/nuestros-servicios\/#breadcrumb\",\"itemListElement\":[{\"@type\":\"ListItem\",\"position\":1,\"name\":\"Home\",\"item\":\"https:\/\/aigindustriesllc.com\/es\/\"},{\"@type\":\"ListItem\",\"position\":2,\"name\":\"Nuestros Servicios\"}]},{\"@type\":\"WebSite\",\"@id\":\"https:\/\/aigindustriesllc.com\/es\/#website\",\"url\":\"https:\/\/aigindustriesllc.com\/es\/\",\"name\":\"AIG Industries - ES\",\"description\":\"\",\"potentialAction\":[{\"@type\":\"SearchAction\",\"target\":{\"@type\":\"EntryPoint\",\"urlTemplate\":\"https:\/\/aigindustriesllc.com\/es\/?s={search_term_string}\"},\"query-input\":{\"@type\":\"PropertyValueSpecification\",\"valueRequired\":true,\"valueName\":\"search_term_string\"}}],\"inLanguage\":\"es\"}]}<\/script>\n<!-- \/ Yoast SEO plugin. -->","yoast_head_json":{"title":"Nuestros Servicios - AIG Industries - ES","robots":{"index":"index","follow":"follow","max-snippet":"max-snippet:-1","max-image-preview":"max-image-preview:large","max-video-preview":"max-video-preview:-1"},"canonical":"https:\/\/aigindustriesllc.com\/es\/nuestros-servicios\/","og_locale":"es_ES","og_type":"article","og_title":"Nuestros Servicios - AIG Industries - ES","og_description":"Nuestros Servicios Techos Residenciales Proteja su hogar con soluciones de techo basadas en la artesan\u00eda y el cuidado. Ya sea [&hellip;]","og_url":"https:\/\/aigindustriesllc.com\/es\/nuestros-servicios\/","og_site_name":"AIG Industries - ES","article_modified_time":"2025-09-02T04:41:13+00:00","twitter_card":"summary_large_image","twitter_misc":{"Tiempo de lectura":"2 minutos"},"schema":{"@context":"https:\/\/schema.org","@graph":[{"@type":"WebPage","@id":"https:\/\/aigindustriesllc.com\/es\/nuestros-servicios\/","url":"https:\/\/aigindustriesllc.com\/es\/nuestros-servicios\/","name":"Nuestros Servicios - AIG Industries - ES","isPartOf":{"@id":"https:\/\/aigindustriesllc.com\/es\/#website"},"datePublished":"2025-06-20T11:39:19+00:00","dateModified":"2025-09-02T04:41:13+00:00","breadcrumb":{"@id":"https:\/\/aigindustriesllc.com\/es\/nuestros-servicios\/#breadcrumb"},"inLanguage":"es","potentialAction":[{"@type":"ReadAction","target":["https:\/\/aigindustriesllc.com\/es\/nuestros-servicios\/"]}]},{"@type":"BreadcrumbList","@id":"https:\/\/aigindustriesllc.com\/es\/nuestros-servicios\/#breadcrumb","itemListElement":[{"@type":"ListItem","position":1,"name":"Home","item":"https:\/\/aigindustriesllc.com\/es\/"},{"@type":"ListItem","position":2,"name":"Nuestros Servicios"}]},{"@type":"WebSite","@id":"https:\/\/aigindustriesllc.com\/es\/#website","url":"https:\/\/aigindustriesllc.com\/es\/","name":"AIG Industries - ES","description":"","potentialAction":[{"@type":"SearchAction","target":{"@type":"EntryPoint","urlTemplate":"https:\/\/aigindustriesllc.com\/es\/?s={search_term_string}"},"query-input":{"@type":"PropertyValueSpecification","valueRequired":true,"valueName":"search_term_string"}}],"inLanguage":"es"}]}},"_links":{"self":[{"href":"https:\/\/aigindustriesllc.com\/es\/wp-json\/wp\/v2\/pages\/216","targetHints":{"allow":["GET"]}}],"collection":[{"href":"https:\/\/aigindustriesllc.com\/es\/wp-json\/wp\/v2\/pages"}],"about":[{"href":"https:\/\/aigindustriesllc.com\/es\/wp-json\/wp\/v2\/types\/page"}],"author":[{"embeddable":true,"href":"https:\/\/aigindustriesllc.com\/es\/wp-json\/wp\/v2\/users\/1"}],"replies":[{"embeddable":true,"href":"https:\/\/aigindustriesllc.com\/es\/wp-json\/wp\/v2\/comments?post=216"}],"version-history":[{"count":258,"href":"https:\/\/aigindustriesllc.com\/es\/wp-json\/wp\/v2\/pages\/216\/revisions"}],"predecessor-version":[{"id":11095,"href":"https:\/\/aigindustriesllc.com\/es\/wp-json\/wp\/v2\/pages\/216\/revisions\/11095"}],"wp:attachment":[{"href":"https:\/\/aigindustriesllc.com\/es\/wp-json\/wp\/v2\/media?parent=216"}],"curies":[{"name":"wp","href":"https:\/\/api.w.org\/{rel}","templated":true}]}}